{"id":305,"date":"2014-04-01T00:28:40","date_gmt":"2014-03-31T22:28:40","guid":{"rendered":"http:\/\/daniel.kl\u00f6pper.eu\/?page_id=305"},"modified":"2020-07-16T23:13:02","modified_gmt":"2020-07-16T21:13:02","slug":"umwelt","status":"publish","type":"page","link":"https:\/\/daniel-kloepper.de\/?page_id=305","title":{"rendered":"UMWELT"},"content":{"rendered":"<p><b>Verbindung von \u00d6kologie und \u00d6konomie nur mit uns<\/b><\/p>\n<p><b>\u00d6konomie und \u00d6kologie<\/b> sind untrennbar miteinander verbunden. Die CDU Frechen \u00fcbernimmt deshalb Verantwortung f\u00fcr die Lebensbedingungen zuk\u00fcnftiger Generationen, die ebenso ein Anrecht auf eine gesunde Umwelt, auf wirtschaftlichen Wohlstand und auf soziale Sicherheit haben wie wir heute.<\/p>\n<p>Auch das Ziel <b>nachhaltiger Natur-, Umwelt- und Klimaschutzpolitik<\/b> zum Erhalt einer intakten Umwelt und der biologischen Vielfalt ist Zukunftsvorsorge f\u00fcr nachfolgende Generationen. Die CDU-Frechen hat ihre natur-und umweltschutzpolitische Kompetenz bewiesen. Unser Handeln bei diesem lebenswichtigen und generationen\u00fcbergreifenden Thema zeigt, dass wir bereit und in der Lage sind, verantwortungsvolle nachhaltige Politik zu betreiben.<\/p>\n<p>&nbsp;<\/p>\n<p><b>Gr\u00fcnes Umfeld bringt Lebensqualit\u00e4t<\/b><\/p>\n<p>Frechen ist heute reich an Gr\u00fcn- und Wasserfl\u00e4chen und schafft damit nicht nur eine hohe Lebensqualit\u00e4t f\u00fcr Freizeit und Arbeitswelt, sondern hat damit auch eine Funktion f\u00fcr den Klimaschutz. Dieses Gut gilt es zu erhalten und aufzuwerten.<\/p>\n<p><b>Umweltschutz<\/b> geht alle an! Nachhaltige Verbesserungen im Umweltschutz werden nur erreicht, wenn sich die B\u00fcrgerschaft breit engagiert. Daher begr\u00fc\u00dft die CDU Angebote, die es den B\u00fcrgerinnen und B\u00fcrgern erm\u00f6glichen, in Eigenverantwortung f\u00fcr die Umwelt zu handeln.<\/p>\n<p>Um die gr\u00fcne Atmosph\u00e4re Frechens weiter zu st\u00e4rken, werden wir:<\/p>\n<p>\u2022 in erster Linie <b>Baul\u00fccken schlie\u00dfen<\/b>, um einen weiteren Beitrag daran zu leisten, dass weniger Fl\u00e4chen verbraucht werden.<\/p>\n<p>\u2022 Vorrangig <b>innerst\u00e4dtischen Brachfl\u00e4chen <\/b>nutzen, statt auf der<b> <\/b>\u201eGr\u00fcnen Wiese\u201c zu bauen. So wird Wirtschaftswachstum vom Fl\u00e4chenverbrauch entkoppelt.<\/p>\n<p>\u2022 eine klimagerechte und nachhaltige Nutzung der Ressourcen durch <b>Energieeinspar-ma\u00dfnahmen und die Nutzung umweltfreundlicher Technologien<\/b> sicherstellen, vor allen Dingen durch die \u201aEnergie- Informationskampagne\u2018.<\/p>\n<p>\u2022 Durch die Beteiligung an <b>Aufforstungsprojekten <\/b>zur Waldvermehrung im Rhein- Erft-Kreis einen Beitrag zu mehr Natur- und Klimaschutz leisten.<\/p>\n<p>\u2022 Den <b>Umwelt-und Naturschutz<\/b> als eine besonders bedeutsame Aufgabe in alle Politik- und Lebensbereiche mit einbeziehen.<\/p>\n<p>Einen insgesamt Pfleglichen Umgang in unserer Kommune zusammen mit den Eigent\u00fcmern umsetzen. Umweltschutz und Sauberkeit gehen uns alle an.<\/p>\n<p>\u2022 Die <b>Naherholung in Frechen<\/b> f\u00f6rdern: Unsere Naherholungsgebiete (z.B. in der Ville) m\u00fcssen auch ohne Auto erreichbar sein. Bislang verf\u00fcgen K\u00f6nigsdorf, Habbelrath und Grefrath \u00fcber eine Anbindung an das Wirtschaftswege- und Wanderwegenetz des K\u00f6nigsdorfer Waldes und des Marienfeldes. F\u00fcr alle anderen Ortsteile sollen \u00e4hnliche M\u00f6glichkeiten erschlossen werden. Des Weiteren wollen wir pr\u00fcfen, inwieweit auch das Rekultivierungsgebiet rund um die Niederschlagswasserversickerung an Grube Carl f\u00fcr die Naherholung ge\u00f6ffnet werden kann.<\/p>\n<p>\u2022 An gr\u00f6\u00dferen brachliegenden Gr\u00fcnfl\u00e4chen k\u00f6nnen in Form von Mitmach- Projekten Generations\u00fcbergreifende Mitmachprojekte umgesetzt werden.<\/p>\n","protected":false},"excerpt":{"rendered":"<p>Verbindung von \u00d6kologie und \u00d6konomie nur mit uns \u00d6konomie und \u00d6kologie sind untrennbar miteinander verbunden. Die CDU Frechen \u00fcbernimmt deshalb Verantwortung f\u00fcr die Lebensbedingungen zuk\u00fcnftiger Generationen, die ebenso ein Anrecht auf eine gesunde Umwelt, auf wirtschaftlichen Wohlstand und auf soziale Sicherheit haben wie wir heute. Auch das Ziel nachhaltiger Natur-, Umwelt- und Klimaschutzpolitik zum Erhalt &hellip; <\/p>\n<p><a class=\"more-link btn\" href=\"https:\/\/daniel-kloepper.de\/?page_id=305\">Weiterlesen<\/a><\/p>\n","protected":false},"author":1,"featured_media":0,"parent":0,"menu_order":0,"comment_status":"open","ping_status":"closed","template":"","meta":{"footnotes":""},"class_list":["post-305","page","type-page","status-publish","hentry","nodate","item-wrap"],"jetpack_sharing_enabled":true,"_links":{"self":[{"href":"https:\/\/daniel-kloepper.de\/index.php?rest_route=\/wp\/v2\/pages\/305","targetHints":{"allow":["GET"]}}],"collection":[{"href":"https:\/\/daniel-kloepper.de\/index.php?rest_route=\/wp\/v2\/pages"}],"about":[{"href":"https:\/\/daniel-kloepper.de\/index.php?rest_route=\/wp\/v2\/types\/page"}],"author":[{"embeddable":true,"href":"https:\/\/daniel-kloepper.de\/index.php?rest_route=\/wp\/v2\/users\/1"}],"replies":[{"embeddable":true,"href":"https:\/\/daniel-kloepper.de\/index.php?rest_route=%2Fwp%2Fv2%2Fcomments&post=305"}],"version-history":[{"count":1,"href":"https:\/\/daniel-kloepper.de\/index.php?rest_route=\/wp\/v2\/pages\/305\/revisions"}],"predecessor-version":[{"id":306,"href":"https:\/\/daniel-kloepper.de\/index.php?rest_route=\/wp\/v2\/pages\/305\/revisions\/306"}],"wp:attachment":[{"href":"https:\/\/daniel-kloepper.de\/index.php?rest_route=%2Fwp%2Fv2%2Fmedia&parent=305"}],"curies":[{"name":"wp","href":"https:\/\/api.w.org\/{rel}","templated":true}]}}