{"id":295,"date":"2014-04-01T00:24:42","date_gmt":"2014-03-31T22:24:42","guid":{"rendered":"http:\/\/daniel.kl\u00f6pper.eu\/?page_id=295"},"modified":"2020-07-16T23:13:14","modified_gmt":"2020-07-16T21:13:14","slug":"wirtschaft-und-arbeit","status":"publish","type":"page","link":"https:\/\/daniel-kloepper.de\/?page_id=295","title":{"rendered":"WIRTSCHAFT UND ARBEIT"},"content":{"rendered":"<p><b>Politik f\u00fcr Wachstum und Besch\u00e4ftigung<\/b><\/p>\n<p>Frechen ist eine wirtschafts- und wachstumsstarke Stadt mit ausgezeichneten \u00f6konomischen Aussichten. Wirtschaftspolitik ist f\u00fcr uns daher aktive Zukunftssicherung.<\/p>\n<p>Mit unserer Wirtschaftspolitik werden wir:<\/p>\n<p>\u2022 den Wirtschaftsstandort Frechen weiter st\u00e4rken und dadurch<\/p>\n<p>\u2022 zus\u00e4tzliche qualifizierte Arbeitspl\u00e4tze f\u00fcr die Menschen in unserer Stadt schaffen,<\/p>\n<p>\u2022 die kommunale Finanzkraft st\u00e4rken und die<\/p>\n<p>\u2022 Vereinbarkeit von \u00d6konomie und \u00d6kologie f\u00f6rdern.<\/p>\n<p>&nbsp;<\/p>\n<p><b>Den Frechener Arbeitsmarkt zukunftsfest machen<\/b><\/p>\n<p>Um den Wirtschaftsstandort Frechen langfristig zu sichern, brauchen wir in ausreichender Zahl gut ausgebildete Arbeitskr\u00e4fte. F\u00fcr die Innovationskraft der Unternehmen und das Wirtschaftswachstum in unserer Stadt sind dabei die technischen und energieorientierten Berufe von besonderer Bedeutung.<\/p>\n<p>In der Arbeitsmarktpolitik halten wir aus \u00dcberzeugung an dem Grundsatz \u201eF\u00f6rdern und Fordern\u201c fest.<\/p>\n<p>Wer Arbeitslosengeld bezieht, soll sich aktiv um einen neuen Arbeitsplatz bem\u00fchen und durch Weiterbildung vorhandene Vermittlungshemmnisse abbauen. Aktive Arbeitsmarktpolitik muss so ausgerichtet sein, dass sie zur Aktivierung von Langzeitarbeitslosen f\u00fchrt und diese aus der staatlichen F\u00f6rderung l\u00f6st. Befristete Jobs und Teilzeitstellen d\u00fcrfen dabei nicht zur Verdr\u00e4ngung von regul\u00e4ren Arbeitspl\u00e4tzen f\u00fchren.<\/p>\n<p>Mit unserer Arbeitsmarktpolitik wollen wir:<\/p>\n<p>\u2022 in Erg\u00e4nzung zu den umfangreichen Ma\u00dfnahmen in der Schulpolitik schwerpunktm\u00e4\u00dfig jungen Menschen ohne oder mit unzureichenden Schulabschl\u00fcssen durch berufsvorbereitende und ausbildungsbegleitende Kurse, Sprachf\u00f6rderung und andere Hilfsangebote den Zugang zu den Ausbildungs- und Arbeitsm\u00e4rkten erm\u00f6glichen.<\/p>\n<p>\u2022 die Berufst\u00e4tigkeit \u00e4lterer Menschen unterst\u00fctzen und deren vorhandene Erfahrungen nutzen, indem wir das Angebot an Weiterbildungsma\u00dfnahmen ausbauen, auf alle Mitarbeiter zugeschnittene Angebote zur Gesundheitsf\u00f6rderung am Arbeitsplatz entwickeln und taugliche Arbeitszeitmodelle erproben. Der demografische Wandel f\u00fchrt dazu, dass immer mehr \u00e4ltere Menschen berufst\u00e4tig sein werden.<\/p>\n<p>Wir wollen f\u00fcr Frechen<\/p>\n<ul>\n<li>die <b>Vereinbarkeit von Familie und Beruf verbessern<\/b> und uns f\u00fcr flexiblere Arbeitszeitmodelle einsetzen. Wir werden weiterhin daf\u00fcr sorgen, dass f\u00fcr die Kinder berufst\u00e4tiger Eltern gen\u00fcgend Betreuungspl\u00e4tze angeboten werden.<\/li>\n<li>die Arbeitsagentur als wichtigen Partner vor Ort st\u00e4rken um Arbeitslosen den Einstieg in den Arbeitsmarkt zu erleichtern.<\/li>\n<li>eine <b>Anhebung der Wertgrenzen<\/b> zur freih\u00e4ndigen Vergabe nach Muster der Landesregierung NRW. Dies st\u00e4rkt die Betriebe vor Ort und beschleunigt die Verwaltungsprozesse.<\/li>\n<li>den <b>Aufkauf von potentiellen oder brachliegenden Gewerbefl\u00e4chen durch eine Stadtentwicklungsgesellschaft sicherstellen<\/b>, um deutlich gezielter die Gewerbeansiedlung in Frechen zu lenken und zu unterst\u00fctzen. Ziel der CDU Frechen ist dabei, die finanziellen Risiken beherrschbar zu machen, indem m\u00f6glicherweise ein Kooperationspartner aus dem professionellen Immobilienumfeld unterst\u00fctzt.<\/li>\n<\/ul>\n","protected":false},"excerpt":{"rendered":"<p>Politik f\u00fcr Wachstum und Besch\u00e4ftigung Frechen ist eine wirtschafts- und wachstumsstarke Stadt mit ausgezeichneten \u00f6konomischen Aussichten. Wirtschaftspolitik ist f\u00fcr uns daher aktive Zukunftssicherung. Mit unserer Wirtschaftspolitik werden wir: \u2022 den Wirtschaftsstandort Frechen weiter st\u00e4rken und dadurch \u2022 zus\u00e4tzliche qualifizierte Arbeitspl\u00e4tze f\u00fcr die Menschen in unserer Stadt schaffen, \u2022 die kommunale Finanzkraft st\u00e4rken und die \u2022 &hellip; <\/p>\n<p><a class=\"more-link btn\" href=\"https:\/\/daniel-kloepper.de\/?page_id=295\">Weiterlesen<\/a><\/p>\n","protected":false},"author":1,"featured_media":0,"parent":0,"menu_order":0,"comment_status":"open","ping_status":"closed","template":"","meta":{"footnotes":""},"class_list":["post-295","page","type-page","status-publish","hentry","nodate","item-wrap"],"jetpack_sharing_enabled":true,"_links":{"self":[{"href":"https:\/\/daniel-kloepper.de\/index.php?rest_route=\/wp\/v2\/pages\/295","targetHints":{"allow":["GET"]}}],"collection":[{"href":"https:\/\/daniel-kloepper.de\/index.php?rest_route=\/wp\/v2\/pages"}],"about":[{"href":"https:\/\/daniel-kloepper.de\/index.php?rest_route=\/wp\/v2\/types\/page"}],"author":[{"embeddable":true,"href":"https:\/\/daniel-kloepper.de\/index.php?rest_route=\/wp\/v2\/users\/1"}],"replies":[{"embeddable":true,"href":"https:\/\/daniel-kloepper.de\/index.php?rest_route=%2Fwp%2Fv2%2Fcomments&post=295"}],"version-history":[{"count":1,"href":"https:\/\/daniel-kloepper.de\/index.php?rest_route=\/wp\/v2\/pages\/295\/revisions"}],"predecessor-version":[{"id":296,"href":"https:\/\/daniel-kloepper.de\/index.php?rest_route=\/wp\/v2\/pages\/295\/revisions\/296"}],"wp:attachment":[{"href":"https:\/\/daniel-kloepper.de\/index.php?rest_route=%2Fwp%2Fv2%2Fmedia&parent=295"}],"curies":[{"name":"wp","href":"https:\/\/api.w.org\/{rel}","templated":true}]}}